{"id":5572,"date":"2024-03-06T06:43:02","date_gmt":"2024-03-06T05:43:02","guid":{"rendered":"http:\/\/sahatours.net\/politica-de-cookies\/"},"modified":"2024-03-06T06:43:02","modified_gmt":"2024-03-06T05:43:02","slug":"politica-de-cookies","status":"publish","type":"page","link":"https:\/\/sahatours.net\/pt-pt\/politica-de-cookies\/","title":{"rendered":"Pol\u00edtica de cookies"},"content":{"rendered":"<h5>O que s\u00e3o cookies?<\/h5>\n<div class=\"cookie-policy-p\">\n<p>Esta Pol\u00edtica de Cookies explica o que s\u00e3o cookies e como os utilizamos, os tipos de cookies que utilizamos (ou seja, as informa\u00e7\u00f5es que coletamos usando cookies e como essas informa\u00e7\u00f5es s\u00e3o utilizadas), e como gerenciar as configura\u00e7\u00f5es de cookies.<\/p>\n<p>Cookies s\u00e3o pequenos arquivos de texto usados para armazenar pequenas informa\u00e7\u00f5es. Eles s\u00e3o armazenados no seu dispositivo quando o site \u00e9 carregado no seu navegador. Esses cookies nos ajudam a fazer o site funcionar corretamente, torn\u00e1-lo mais seguro, proporcionar uma melhor experi\u00eancia ao usu\u00e1rio e entender como o site se comporta e analisar o que funciona e onde precisa de melhorias.<\/p>\n<\/div>\n<p>&nbsp;<\/p>\n<h5>Como usamos cookies?<\/h5>\n<div class=\"cookie-policy-p\">\n<p>Como a maioria dos servi\u00e7os online, nosso site utiliza cookies de primeira e terceira parte para diversos fins. Cookies de primeira parte s\u00e3o principalmente necess\u00e1rios para que o site funcione corretamente e n\u00e3o coletam nenhum dado pessoal identific\u00e1vel.<\/p>\n<p>Os cookies de terceira parte utilizados em nosso site t\u00eam principalmente a finalidade de entender como o site se comporta, como voc\u00ea interage com nosso site, manter nossos servi\u00e7os seguros, fornecer an\u00fancios relevantes para voc\u00ea e, em geral, proporcionar uma experi\u00eancia de usu\u00e1rio melhorada e ajudar a acelerar suas intera\u00e7\u00f5es futuras com nosso site.<\/p>\n<\/div>\n<p>&nbsp;<\/p>\n<h5>Tipos de cookies que utilizamos<\/h5>\n<div class=\"cky-audit-table-element\"><\/div>\n<p>&nbsp;<\/p>\n<h5 style=\"margin-bottom: 20px;\">Gerenciar prefer\u00eancias de cookies<\/h5>\n<p><a class=\"cky-banner-element\">Configura\u00e7\u00f5es de cookies<\/a><\/p>\n<div>\n<p>Voc\u00ea pode alterar suas prefer\u00eancias de cookies a qualquer momento clicando no bot\u00e3o acima. Isso permitir\u00e1 que voc\u00ea reveja o banner de consentimento de cookies e altere suas prefer\u00eancias ou retire seu consentimento imediatamente.<\/p>\n<p>Al\u00e9m disso, diferentes navegadores fornecem m\u00e9todos diferentes para bloquear e excluir cookies usados por sites. Voc\u00ea pode alterar as configura\u00e7\u00f5es do seu navegador para bloquear\/excluir os cookies. Abaixo est\u00e3o os links para os documentos de suporte sobre como gerenciar e excluir cookies dos principais navegadores web.<\/p>\n<p>Chrome: <a href=\"https:\/\/support.google.com\/accounts\/answer\/32050\" target=\"_blank\" rel=\"noopener noreferrer nofollow\">https:\/\/support.google.com\/accounts\/answer\/32050<\/a><\/p>\n<p>Safari: <a href=\"https:\/\/support.apple.com\/en-in\/guide\/safari\/sfri11471\/mac\" target=\"_blank\" rel=\"noopener noreferrer nofollow\">https:\/\/support.apple.com\/en-in\/guide\/safari\/sfri11471\/mac<\/a><\/p>\n<p>Firefox: <a href=\"https:\/\/support.mozilla.org\/en-US\/kb\/clear-cookies-and-site-data-firefox?redirectslug=delete-cookies-remove-info-websites-stored&amp;redirectlocale=en-US\" target=\"_blank\" rel=\"noopener noreferrer nofollow\">https:\/\/support.mozilla.org\/en-US\/kb\/clear-cookies-and-site-data-firefox?redirectslug=delete-cookies-remove-info-websites-stored&amp;redirectlocale=en-US<\/a><\/p>\n<p>Internet Explorer: <a href=\"https:\/\/support.microsoft.com\/en-us\/topic\/how-to-delete-cookie-files-in-internet-explorer-bca9446f-d873-78de-77ba-d42645fa52fc\" target=\"_blank\" rel=\"noopener noreferrer nofollow\">https:\/\/support.microsoft.com\/en-us\/topic\/how-to-delete-cookie-files-in-internet-explorer-bca9446f-d873-78de-77ba-d42645fa52fc<\/a><\/p>\n<p>Se estiver utilizando outro navegador, consulte os documentos de suporte oficial do seu navegador.<\/p>\n<\/div>\n<p class=\"cookie-policy-p\">\n","protected":false},"excerpt":{"rendered":"<p>O que s\u00e3o cookies? Esta Pol\u00edtica de Cookies explica o que s\u00e3o cookies e como os utilizamos, os tipos de cookies que utilizamos (ou seja, as informa\u00e7\u00f5es que coletamos usando cookies e como essas informa\u00e7\u00f5es s\u00e3o utilizadas), e como gerenciar as configura\u00e7\u00f5es de cookies. Cookies s\u00e3o pequenos arquivos de texto usados para armazenar pequenas informa\u00e7\u00f5es. Eles s\u00e3o armazenados no seu dispositivo quando o site \u00e9 carregado no seu navegador. Esses cookies nos ajudam a fazer o site funcionar corretamente, torn\u00e1-lo mais seguro, proporcionar uma melhor experi\u00eancia ao usu\u00e1rio e entender como o site se comporta e analisar o que funciona e onde precisa de melhorias. &nbsp; Como usamos cookies? Como a maioria dos servi\u00e7os online, nosso site utiliza cookies de primeira e terceira parte para diversos fins. Cookies de primeira parte s\u00e3o principalmente necess\u00e1rios para que o site funcione corretamente e n\u00e3o coletam nenhum dado pessoal identific\u00e1vel. Os cookies de terceira parte utilizados em nosso site t\u00eam principalmente a finalidade de entender como o site se comporta, como voc\u00ea interage com nosso site, manter nossos servi\u00e7os seguros, fornecer an\u00fancios relevantes para voc\u00ea e, em geral, proporcionar uma experi\u00eancia de usu\u00e1rio melhorada e ajudar a acelerar suas intera\u00e7\u00f5es futuras com nosso site. &nbsp; Tipos de cookies que utilizamos &nbsp; Gerenciar prefer\u00eancias de cookies Configura\u00e7\u00f5es de cookies Voc\u00ea pode alterar suas prefer\u00eancias de cookies a qualquer momento clicando no bot\u00e3o acima. Isso permitir\u00e1 que voc\u00ea reveja o banner de consentimento de cookies e altere suas prefer\u00eancias ou retire seu consentimento imediatamente. Al\u00e9m disso, diferentes navegadores fornecem m\u00e9todos diferentes para bloquear e excluir cookies usados por sites. Voc\u00ea pode alterar as configura\u00e7\u00f5es do seu navegador para bloquear\/excluir os cookies. Abaixo est\u00e3o os links para os documentos de suporte sobre como gerenciar e excluir cookies dos principais navegadores web. Chrome: https:\/\/support.google.com\/accounts\/answer\/32050 Safari: https:\/\/support.apple.com\/en-in\/guide\/safari\/sfri11471\/mac Firefox: https:\/\/support.mozilla.org\/en-US\/kb\/clear-cookies-and-site-data-firefox?redirectslug=delete-cookies-remove-info-websites-stored&amp;redirectlocale=en-US Internet Explorer: https:\/\/support.microsoft.com\/en-us\/topic\/how-to-delete-cookie-files-in-internet-explorer-bca9446f-d873-78de-77ba-d42645fa52fc Se estiver utilizando outro navegador, consulte os documentos de suporte oficial do seu navegador.<\/p>\n","protected":false},"author":2,"featured_media":0,"parent":0,"menu_order":0,"comment_status":"closed","ping_status":"closed","template":"","meta":{"_acf_changed":false,"_eb_attr":"","inline_featured_image":false,"footnotes":""},"class_list":["post-5572","page","type-page","status-publish","hentry"],"acf":[],"_links":{"self":[{"href":"https:\/\/sahatours.net\/pt-pt\/wp-json\/wp\/v2\/pages\/5572","targetHints":{"allow":["GET"]}}],"collection":[{"href":"https:\/\/sahatours.net\/pt-pt\/wp-json\/wp\/v2\/pages"}],"about":[{"href":"https:\/\/sahatours.net\/pt-pt\/wp-json\/wp\/v2\/types\/page"}],"author":[{"embeddable":true,"href":"https:\/\/sahatours.net\/pt-pt\/wp-json\/wp\/v2\/users\/2"}],"replies":[{"embeddable":true,"href":"https:\/\/sahatours.net\/pt-pt\/wp-json\/wp\/v2\/comments?post=5572"}],"version-history":[{"count":0,"href":"https:\/\/sahatours.net\/pt-pt\/wp-json\/wp\/v2\/pages\/5572\/revisions"}],"wp:attachment":[{"href":"https:\/\/sahatours.net\/pt-pt\/wp-json\/wp\/v2\/media?parent=5572"}],"curies":[{"name":"wp","href":"https:\/\/api.w.org\/{rel}","templated":true}]}}