{"id":5280,"date":"2019-07-10T08:25:14","date_gmt":"2019-07-10T06:25:14","guid":{"rendered":"https:\/\/sahatours.net\/por-que-marrocos\/"},"modified":"2020-04-17T12:03:27","modified_gmt":"2020-04-17T10:03:27","slug":"por-que-marrocos","status":"publish","type":"page","link":"https:\/\/sahatours.net\/pt-pt\/por-que-marrocos\/","title":{"rendered":"Por que Marrocos"},"content":{"rendered":"\t\t<div data-elementor-type=\"wp-post\" data-elementor-id=\"5280\" class=\"elementor elementor-5280 elementor-662\">\n\t\t\t\t\t\t<section class=\"elementor-section elementor-top-section elementor-element elementor-element-13240cd3 elementor-section-full_width elementor-section-height-default elementor-section-height-default\" data-id=\"13240cd3\" data-element_type=\"section\" data-e-type=\"section\">\n\t\t\t\t\t\t<div class=\"elementor-container elementor-column-gap-no\">\n\t\t\t\t\t<div class=\"elementor-column elementor-col-100 elementor-top-column elementor-element elementor-element-4a3c5f6d\" data-id=\"4a3c5f6d\" data-element_type=\"column\" data-e-type=\"column\">\n\t\t\t<div class=\"elementor-widget-wrap elementor-element-populated\">\n\t\t\t\t\t\t<div class=\"elementor-element elementor-element-6add27f6 header-slider2 elementor-widget elementor-widget-slides\" data-id=\"6add27f6\" data-element_type=\"widget\" data-e-type=\"widget\" data-widget_type=\"slides.default\">\n\t\t\t\t<div class=\"elementor-widget-container\">\n\t\t\t\t\t \t\t\t\t<\/div>\n\t\t\t\t<\/div>\n\t\t\t\t\t<\/div>\n\t\t<\/div>\n\t\t\t\t\t<\/div>\n\t\t<\/section>\n\t\t\t\t<section class=\"elementor-section elementor-top-section elementor-element elementor-element-a690a6b elementor-section-boxed elementor-section-height-default elementor-section-height-default\" data-id=\"a690a6b\" data-element_type=\"section\" data-e-type=\"section\">\n\t\t\t\t\t\t<div class=\"elementor-container elementor-column-gap-default\">\n\t\t\t\t\t<div class=\"elementor-column elementor-col-100 elementor-top-column elementor-element elementor-element-0841a1e\" data-id=\"0841a1e\" data-element_type=\"column\" data-e-type=\"column\">\n\t\t\t<div class=\"elementor-widget-wrap elementor-element-populated\">\n\t\t\t\t\t\t<div class=\"elementor-element elementor-element-46cac90 elementor-widget elementor-widget-image-carousel\" data-id=\"46cac90\" data-element_type=\"widget\" data-e-type=\"widget\" data-settings=\"{&quot;slides_to_show&quot;:&quot;1&quot;,&quot;navigation&quot;:&quot;none&quot;,&quot;autoplay&quot;:&quot;yes&quot;,&quot;pause_on_hover&quot;:&quot;yes&quot;,&quot;pause_on_interaction&quot;:&quot;yes&quot;,&quot;autoplay_speed&quot;:5000,&quot;infinite&quot;:&quot;yes&quot;,&quot;effect&quot;:&quot;slide&quot;,&quot;speed&quot;:500}\" data-widget_type=\"image-carousel.default\">\n\t\t\t\t<div class=\"elementor-widget-container\">\n\t\t\t\t\t\t\t<div class=\"elementor-image-carousel-wrapper swiper\" role=\"region\" aria-roledescription=\"carousel\" aria-label=\"Carrossel de imagens\" dir=\"ltr\">\n\t\t\t<div class=\"elementor-image-carousel swiper-wrapper\" aria-live=\"off\">\n\t\t\t\t\t\t\t\t<div class=\"swiper-slide\" role=\"group\" aria-roledescription=\"slide\" aria-label=\"1 of 1\"><figure class=\"swiper-slide-inner\"><img decoding=\"async\" class=\"swiper-slide-image\" src=\"https:\/\/sahatours.net\/wp-content\/uploads\/2019\/09\/separador-003.svg\" alt=\"separador-003\" \/><\/figure><\/div>\t\t\t<\/div>\n\t\t\t\t\t<\/div>\n\t\t\t\t\t\t<\/div>\n\t\t\t\t<\/div>\n\t\t\t\t<div class=\"elementor-element elementor-element-1ec2e30 elementor-widget elementor-widget-heading\" data-id=\"1ec2e30\" data-element_type=\"widget\" data-e-type=\"widget\" data-widget_type=\"heading.default\">\n\t\t\t\t<div class=\"elementor-widget-container\">\n\t\t\t\t\t<h2 class=\"elementor-heading-title elementor-size-default\">Marrocos \u00e9 luz, cor, magia, contrastes e hospitalidade<\/h2>\t\t\t\t<\/div>\n\t\t\t\t<\/div>\n\t\t\t\t\t<\/div>\n\t\t<\/div>\n\t\t\t\t\t<\/div>\n\t\t<\/section>\n\t\t\t\t<section class=\"elementor-section elementor-top-section elementor-element elementor-element-7f67aea elementor-section-boxed elementor-section-height-default elementor-section-height-default\" data-id=\"7f67aea\" data-element_type=\"section\" data-e-type=\"section\">\n\t\t\t\t\t\t<div class=\"elementor-container elementor-column-gap-default\">\n\t\t\t\t\t<div class=\"elementor-column elementor-col-50 elementor-top-column elementor-element elementor-element-a674121\" data-id=\"a674121\" data-element_type=\"column\" data-e-type=\"column\">\n\t\t\t<div class=\"elementor-widget-wrap elementor-element-populated\">\n\t\t\t\t\t\t<div class=\"elementor-element elementor-element-01e2bbb elementor-widget elementor-widget-text-editor\" data-id=\"01e2bbb\" data-element_type=\"widget\" data-e-type=\"widget\" data-widget_type=\"text-editor.default\">\n\t\t\t\t<div class=\"elementor-widget-container\">\n\t\t\t\t\t\t\t\t\t<p>Com uma localiza\u00e7\u00e3o ideal e com menos de quatro horas das principais cidades europeias, Marrocos combina perfeitamente influ\u00eancias \u00e1rabes, berberes, africanas e europ\u00e9ias, tornando-o um destino ex\u00f3tico para viajantes que procuram algo diferente.<\/p>\n\t\t\t\t\t\t\t\t<\/div>\n\t\t\t\t<\/div>\n\t\t\t\t<div class=\"elementor-element elementor-element-8757363 elementor-widget elementor-widget-text-editor\" data-id=\"8757363\" data-element_type=\"widget\" data-e-type=\"widget\" data-widget_type=\"text-editor.default\">\n\t\t\t\t<div class=\"elementor-widget-container\">\n\t\t\t\t\t\t\t\t\t<p>As cores simbolizam os valores de uma cultura e s\u00e3o uma parte fundamental da ess\u00eancia de um pa\u00eds. No Marrocos, as cores assumem um papel especial. Do azul turquesa do c\u00e9u e do mar, ao azul Majorelle, ao vermelho e a todos os tons ocres da terra, ao ouro de seus desertos, ao verde das montanhas &#8230; Tudo \u00e9 luz e cor. Por esse e outros motivos, Marrocos \u00e9 um dos destinos de viagem ideais para fot\u00f3grafos, onde parece quase imposs\u00edvel tirar uma foto ruim.<\/p>\n\t\t\t\t\t\t\t\t<\/div>\n\t\t\t\t<\/div>\n\t\t\t\t\t<\/div>\n\t\t<\/div>\n\t\t\t\t<div class=\"elementor-column elementor-col-50 elementor-top-column elementor-element elementor-element-3033d92\" data-id=\"3033d92\" data-element_type=\"column\" data-e-type=\"column\">\n\t\t\t<div class=\"elementor-widget-wrap elementor-element-populated\">\n\t\t\t\t\t\t<div class=\"elementor-element elementor-element-568790f elementor-widget elementor-widget-text-editor\" data-id=\"568790f\" data-element_type=\"widget\" data-e-type=\"widget\" data-widget_type=\"text-editor.default\">\n\t\t\t\t<div class=\"elementor-widget-container\">\n\t\t\t\t\t\t\t\t\t<p>Al\u00e9m disso, Marrocos oferece aos visitantes uma ampla gama de possibilidades para todos os tipos de viajantes<\/p>\n<p>Grandes cadeias de montanhas e enormes desertos para os mais intr\u00e9pidos amantes de aventura, natureza e atividades ao ar livre.<\/p>\n<p>Cidades imperiais com uma hist\u00f3ria interessante e rica e souks fascinantes para quem prioriza visitas culturais e urbanas. Quil\u00f4metros de praias e costa para os viajantes que desejam passar suas f\u00e9rias descansando e relaxando.<\/p>\n<p>Cor, magia e luz, tr\u00eas ingredientes essenciais que o tornam o destino ideal para os entusiastas da fotografia &#8230; e \u00e9 que o Marrocos \u00e9 um pa\u00eds que tem tudo.<\/p>\n\t\t\t\t\t\t\t\t<\/div>\n\t\t\t\t<\/div>\n\t\t\t\t\t<\/div>\n\t\t<\/div>\n\t\t\t\t\t<\/div>\n\t\t<\/section>\n\t\t\t\t<section class=\"elementor-section elementor-top-section elementor-element elementor-element-0d30f6c elementor-section-boxed elementor-section-height-default elementor-section-height-default\" data-id=\"0d30f6c\" data-element_type=\"section\" data-e-type=\"section\">\n\t\t\t\t\t\t<div class=\"elementor-container elementor-column-gap-default\">\n\t\t\t\t\t<div class=\"elementor-column elementor-col-100 elementor-top-column elementor-element elementor-element-19fc537\" data-id=\"19fc537\" data-element_type=\"column\" data-e-type=\"column\">\n\t\t\t<div class=\"elementor-widget-wrap elementor-element-populated\">\n\t\t\t\t\t\t<div class=\"elementor-element elementor-element-22eef5b elementor-widget elementor-widget-image-carousel\" data-id=\"22eef5b\" data-element_type=\"widget\" data-e-type=\"widget\" data-settings=\"{&quot;slides_to_show&quot;:&quot;1&quot;,&quot;navigation&quot;:&quot;none&quot;,&quot;autoplay&quot;:&quot;yes&quot;,&quot;pause_on_hover&quot;:&quot;yes&quot;,&quot;pause_on_interaction&quot;:&quot;yes&quot;,&quot;autoplay_speed&quot;:5000,&quot;infinite&quot;:&quot;yes&quot;,&quot;effect&quot;:&quot;slide&quot;,&quot;speed&quot;:500}\" data-widget_type=\"image-carousel.default\">\n\t\t\t\t<div class=\"elementor-widget-container\">\n\t\t\t\t\t\t\t<div class=\"elementor-image-carousel-wrapper swiper\" role=\"region\" aria-roledescription=\"carousel\" aria-label=\"Carrossel de imagens\" dir=\"ltr\">\n\t\t\t<div class=\"elementor-image-carousel swiper-wrapper\" aria-live=\"off\">\n\t\t\t\t\t\t\t\t<div class=\"swiper-slide\" role=\"group\" aria-roledescription=\"slide\" aria-label=\"1 of 1\"><figure class=\"swiper-slide-inner\"><img decoding=\"async\" class=\"swiper-slide-image\" src=\"https:\/\/sahatours.net\/wp-content\/uploads\/2019\/09\/separador-004.svg\" alt=\"separador-004\" \/><\/figure><\/div>\t\t\t<\/div>\n\t\t\t\t\t<\/div>\n\t\t\t\t\t\t<\/div>\n\t\t\t\t<\/div>\n\t\t\t\t<div class=\"elementor-element elementor-element-17ab234 elementor-widget elementor-widget-gallery\" data-id=\"17ab234\" data-element_type=\"widget\" data-e-type=\"widget\" data-widget_type=\"gallery.default\">\n\t\t\t\t<div class=\"elementor-widget-container\">\n\t\t\t\t\t \t\t\t\t<\/div>\n\t\t\t\t<\/div>\n\t\t\t\t<div class=\"elementor-element elementor-element-9deddd6 elementor-widget elementor-widget-image-carousel\" data-id=\"9deddd6\" data-element_type=\"widget\" data-e-type=\"widget\" data-settings=\"{&quot;slides_to_show&quot;:&quot;1&quot;,&quot;navigation&quot;:&quot;none&quot;,&quot;autoplay&quot;:&quot;yes&quot;,&quot;pause_on_hover&quot;:&quot;yes&quot;,&quot;pause_on_interaction&quot;:&quot;yes&quot;,&quot;autoplay_speed&quot;:5000,&quot;infinite&quot;:&quot;yes&quot;,&quot;effect&quot;:&quot;slide&quot;,&quot;speed&quot;:500}\" data-widget_type=\"image-carousel.default\">\n\t\t\t\t<div class=\"elementor-widget-container\">\n\t\t\t\t\t\t\t<div class=\"elementor-image-carousel-wrapper swiper\" role=\"region\" aria-roledescription=\"carousel\" aria-label=\"Carrossel de imagens\" dir=\"ltr\">\n\t\t\t<div class=\"elementor-image-carousel swiper-wrapper\" aria-live=\"off\">\n\t\t\t\t\t\t\t\t<div class=\"swiper-slide\" role=\"group\" aria-roledescription=\"slide\" aria-label=\"1 of 1\"><figure class=\"swiper-slide-inner\"><img decoding=\"async\" class=\"swiper-slide-image\" src=\"https:\/\/sahatours.net\/wp-content\/uploads\/2019\/09\/separador-004.svg\" alt=\"separador-004\" \/><\/figure><\/div>\t\t\t<\/div>\n\t\t\t\t\t<\/div>\n\t\t\t\t\t\t<\/div>\n\t\t\t\t<\/div>\n\t\t\t\t\t<\/div>\n\t\t<\/div>\n\t\t\t\t\t<\/div>\n\t\t<\/section>\n\t\t\t\t<section class=\"elementor-section elementor-top-section elementor-element elementor-element-263bb57 elementor-section-boxed elementor-section-height-default elementor-section-height-default\" data-id=\"263bb57\" data-element_type=\"section\" data-e-type=\"section\">\n\t\t\t\t\t\t<div class=\"elementor-container elementor-column-gap-default\">\n\t\t\t\t\t<div class=\"elementor-column elementor-col-100 elementor-top-column elementor-element elementor-element-8cf0891\" data-id=\"8cf0891\" data-element_type=\"column\" data-e-type=\"column\">\n\t\t\t<div class=\"elementor-widget-wrap elementor-element-populated\">\n\t\t\t\t\t\t<div class=\"elementor-element elementor-element-26ab2f1 elementor-widget elementor-widget-text-editor\" data-id=\"26ab2f1\" data-element_type=\"widget\" data-e-type=\"widget\" data-widget_type=\"text-editor.default\">\n\t\t\t\t<div class=\"elementor-widget-container\">\n\t\t\t\t\t\t\t\t\t<p>Na <strong>SAHA TOURS<\/strong>, somos <strong>especialistas na organiza\u00e7\u00e3o de excurs\u00f5es particulares em todo o Marrocos<\/strong> que podem ser iniciadas e finalizadas em qualquer cidade \/ porto ou aeroporto de nosso pa\u00eds (Marrakech, Casablanca, Fez, Tanger, Rabat, Agadir, Ouarzazate, Errachidia)<\/p>\n<p>Propomos <a href=\"https:\/\/sahatours.net\/pt-pt\/routas-de-aventura\/\"><strong>rotas de aventura<\/strong><\/a> e <a href=\"https:\/\/sahatours.net\/pt-pt\/circuitos-culturais\/\"><strong>circuitos cl\u00e1ssicos e culturais<\/strong><\/a> j\u00e1 projetados para que voc\u00ea n\u00e3o precise cuidar da prepara\u00e7\u00e3o de um itiner\u00e1rio, mas tamb\u00e9m oferecemos <a href=\"https:\/\/sahatours.net\/pt-pt\/rotas-personalizadas\/\"><strong>passeios personalizados<\/strong><\/a> projetados de acordo com o total de dias dispon\u00edveis e as prefer\u00eancias de cada visitante, <strong>dando todo o apoio e recomenda\u00e7\u00f5es fornecidas por nossa experi\u00eancia para preparar um itiner\u00e1rio e programa apropriados<\/strong>.<\/p>\n<p>Voc\u00ea pode escolher entre nossas <strong>rotas de aventura<\/strong> projetadas e projetadas para os viajantes com prefer\u00eancias para ambientes rurais e naturais ou entre nossos <strong>circuitos cl\u00e1ssicos<\/strong> projetados para os viajantes que priorizam visitas culturais e urbanas.<\/p>\n<p>Se voc\u00ea tiver alguns dias, poder\u00e1 escolher entre as diferentes <a href=\"https:\/\/sahatours.net\/pt-pt\/excursoes-de-1-dia\/\"><strong>excurs\u00f5es diurnas<\/strong><\/a> projetadas para conhecer outros lugares no menor tempo poss\u00edvel.<\/p>\n<p>Oferecemos em nosso site as excurs\u00f5es mais solicitadas e mais bem-sucedidas da cidade de Marrakech, mas \u00e9 claro que voc\u00ea pode consultar a possibilidade de <strong>excurs\u00f5es de curto prazo de qualquer cidade do pa\u00eds<\/strong>, como Fez, T\u00e2nger, Essaouira, Casablanca.<\/p>\n<p><strong>\u00a0<\/strong><\/p>\n\t\t\t\t\t\t\t\t<\/div>\n\t\t\t\t<\/div>\n\t\t\t\t<section class=\"elementor-section elementor-inner-section elementor-element elementor-element-62ba809 elementor-section-boxed elementor-section-height-default elementor-section-height-default\" data-id=\"62ba809\" data-element_type=\"section\" data-e-type=\"section\">\n\t\t\t\t\t\t<div class=\"elementor-container elementor-column-gap-default\">\n\t\t\t\t\t<div class=\"elementor-column elementor-col-100 elementor-inner-column elementor-element elementor-element-28526f9\" data-id=\"28526f9\" data-element_type=\"column\" data-e-type=\"column\">\n\t\t\t<div class=\"elementor-widget-wrap\">\n\t\t\t\t\t\t\t<\/div>\n\t\t<\/div>\n\t\t\t\t\t<\/div>\n\t\t<\/section>\n\t\t\t\t<div class=\"elementor-element elementor-element-0f43bc7 elementor-widget elementor-widget-call-to-action\" data-id=\"0f43bc7\" data-element_type=\"widget\" data-e-type=\"widget\" data-widget_type=\"call-to-action.default\">\n\t\t\t\t<div class=\"elementor-widget-container\">\n\t\t\t\t\t \t\t\t\t<\/div>\n\t\t\t\t<\/div>\n\t\t\t\t<div class=\"elementor-element elementor-element-6fd176c elementor-widget elementor-widget-image-carousel\" data-id=\"6fd176c\" data-element_type=\"widget\" data-e-type=\"widget\" data-settings=\"{&quot;slides_to_show&quot;:&quot;1&quot;,&quot;navigation&quot;:&quot;none&quot;,&quot;autoplay&quot;:&quot;yes&quot;,&quot;pause_on_hover&quot;:&quot;yes&quot;,&quot;pause_on_interaction&quot;:&quot;yes&quot;,&quot;autoplay_speed&quot;:5000,&quot;infinite&quot;:&quot;yes&quot;,&quot;effect&quot;:&quot;slide&quot;,&quot;speed&quot;:500}\" data-widget_type=\"image-carousel.default\">\n\t\t\t\t<div class=\"elementor-widget-container\">\n\t\t\t\t\t\t\t<div class=\"elementor-image-carousel-wrapper swiper\" role=\"region\" aria-roledescription=\"carousel\" aria-label=\"Carrossel de imagens\" dir=\"ltr\">\n\t\t\t<div class=\"elementor-image-carousel swiper-wrapper\" aria-live=\"off\">\n\t\t\t\t\t\t\t\t<div class=\"swiper-slide\" role=\"group\" aria-roledescription=\"slide\" aria-label=\"1 of 1\"><figure class=\"swiper-slide-inner\"><img decoding=\"async\" class=\"swiper-slide-image\" src=\"https:\/\/sahatours.net\/wp-content\/uploads\/2019\/09\/separador-004.svg\" alt=\"separador-004\" \/><\/figure><\/div>\t\t\t<\/div>\n\t\t\t\t\t<\/div>\n\t\t\t\t\t\t<\/div>\n\t\t\t\t<\/div>\n\t\t\t\t\t<\/div>\n\t\t<\/div>\n\t\t\t\t\t<\/div>\n\t\t<\/section>\n\t\t\t\t<section class=\"elementor-section elementor-inner-section elementor-element elementor-element-122e406 elementor-section-boxed elementor-section-height-default elementor-section-height-default\" data-id=\"122e406\" data-element_type=\"section\" data-e-type=\"section\">\n\t\t\t\t\t\t<div class=\"elementor-container elementor-column-gap-default\">\n\t\t\t\t\t<div class=\"elementor-column elementor-col-25 elementor-inner-column elementor-element elementor-element-0742a9d\" data-id=\"0742a9d\" data-element_type=\"column\" data-e-type=\"column\">\n\t\t\t<div class=\"elementor-widget-wrap elementor-element-populated\">\n\t\t\t\t\t\t<div class=\"elementor-element elementor-element-e1a335e elementor-widget elementor-widget-call-to-action\" data-id=\"e1a335e\" data-element_type=\"widget\" data-e-type=\"widget\" data-widget_type=\"call-to-action.default\">\n\t\t\t\t<div class=\"elementor-widget-container\">\n\t\t\t\t\t \t\t\t\t<\/div>\n\t\t\t\t<\/div>\n\t\t\t\t\t<\/div>\n\t\t<\/div>\n\t\t\t\t<div class=\"elementor-column elementor-col-25 elementor-inner-column elementor-element elementor-element-91b0d4e\" data-id=\"91b0d4e\" data-element_type=\"column\" data-e-type=\"column\">\n\t\t\t<div class=\"elementor-widget-wrap elementor-element-populated\">\n\t\t\t\t\t\t<div class=\"elementor-element elementor-element-453fe46 elementor-widget elementor-widget-call-to-action\" data-id=\"453fe46\" data-element_type=\"widget\" data-e-type=\"widget\" data-widget_type=\"call-to-action.default\">\n\t\t\t\t<div class=\"elementor-widget-container\">\n\t\t\t\t\t \t\t\t\t<\/div>\n\t\t\t\t<\/div>\n\t\t\t\t\t<\/div>\n\t\t<\/div>\n\t\t\t\t<div class=\"elementor-column elementor-col-25 elementor-inner-column elementor-element elementor-element-d599940\" data-id=\"d599940\" data-element_type=\"column\" data-e-type=\"column\">\n\t\t\t<div class=\"elementor-widget-wrap elementor-element-populated\">\n\t\t\t\t\t\t<div class=\"elementor-element elementor-element-de1bba9 elementor-widget elementor-widget-call-to-action\" data-id=\"de1bba9\" data-element_type=\"widget\" data-e-type=\"widget\" data-widget_type=\"call-to-action.default\">\n\t\t\t\t<div class=\"elementor-widget-container\">\n\t\t\t\t\t \t\t\t\t<\/div>\n\t\t\t\t<\/div>\n\t\t\t\t\t<\/div>\n\t\t<\/div>\n\t\t\t\t<div class=\"elementor-column elementor-col-25 elementor-inner-column elementor-element elementor-element-0fafca0\" data-id=\"0fafca0\" data-element_type=\"column\" data-e-type=\"column\">\n\t\t\t<div class=\"elementor-widget-wrap elementor-element-populated\">\n\t\t\t\t\t\t<div class=\"elementor-element elementor-element-36c511c elementor-widget elementor-widget-call-to-action\" data-id=\"36c511c\" data-element_type=\"widget\" data-e-type=\"widget\" data-widget_type=\"call-to-action.default\">\n\t\t\t\t<div class=\"elementor-widget-container\">\n\t\t\t\t\t \t\t\t\t<\/div>\n\t\t\t\t<\/div>\n\t\t\t\t\t<\/div>\n\t\t<\/div>\n\t\t\t\t\t<\/div>\n\t\t<\/section>\n\t\t\t\t<\/div>\n\t\t","protected":false},"excerpt":{"rendered":"<p>Por que Marrocos? MARROCOS, EXPLOS\u00c3O DE COR Marrocos \u00e9 luz, cor, magia, contrastes e hospitalidade Com uma localiza\u00e7\u00e3o ideal e com menos de quatro horas das principais cidades europeias, Marrocos combina perfeitamente influ\u00eancias \u00e1rabes, berberes, africanas e europ\u00e9ias, tornando-o um destino ex\u00f3tico para viajantes que procuram algo diferente. As cores simbolizam os valores de uma [&hellip;]<\/p>\n","protected":false},"author":2,"featured_media":0,"parent":0,"menu_order":0,"comment_status":"closed","ping_status":"closed","template":"","meta":{"_acf_changed":false,"inline_featured_image":false,"footnotes":""},"class_list":["post-5280","page","type-page","status-publish","hentry"],"acf":[],"_links":{"self":[{"href":"https:\/\/sahatours.net\/pt-pt\/wp-json\/wp\/v2\/pages\/5280","targetHints":{"allow":["GET"]}}],"collection":[{"href":"https:\/\/sahatours.net\/pt-pt\/wp-json\/wp\/v2\/pages"}],"about":[{"href":"https:\/\/sahatours.net\/pt-pt\/wp-json\/wp\/v2\/types\/page"}],"author":[{"embeddable":true,"href":"https:\/\/sahatours.net\/pt-pt\/wp-json\/wp\/v2\/users\/2"}],"replies":[{"embeddable":true,"href":"https:\/\/sahatours.net\/pt-pt\/wp-json\/wp\/v2\/comments?post=5280"}],"version-history":[{"count":3,"href":"https:\/\/sahatours.net\/pt-pt\/wp-json\/wp\/v2\/pages\/5280\/revisions"}],"predecessor-version":[{"id":5368,"href":"https:\/\/sahatours.net\/pt-pt\/wp-json\/wp\/v2\/pages\/5280\/revisions\/5368"}],"wp:attachment":[{"href":"https:\/\/sahatours.net\/pt-pt\/wp-json\/wp\/v2\/media?parent=5280"}],"curies":[{"name":"wp","href":"https:\/\/api.w.org\/{rel}","templated":true}]}}